{"id":81,"date":"2026-03-05T22:14:41","date_gmt":"2026-03-05T22:14:41","guid":{"rendered":"https:\/\/huntei.com\/?page_id=81"},"modified":"2026-04-01T15:37:20","modified_gmt":"2026-04-01T15:37:20","slug":"articulos-de-ciberseguridad","status":"publish","type":"page","link":"https:\/\/huntei.com\/es\/articulos-de-ciberseguridad\/","title":{"rendered":"Art\u00edculos"},"content":{"rendered":"<div class=\"et_pb_section_0 et_pb_section et_section_regular et_flex_section\">\n<div class=\"et_pb_row_0 et_pb_row et_flex_row\">\n<div class=\"et_pb_column_0 et_pb_column et-last-child et_flex_column et_pb_css_mix_blend_mode_passthrough et_flex_column_24_24 et_flex_column_24_24_tablet et_flex_column_24_24_phone\">\n<div class=\"et_pb_text_0 et_pb_text et_pb_bg_layout_light et_pb_module et_flex_module\"><div class=\"et_pb_text_inner\"><h1>Art\u00edculos de Ciberseguridad<\/h1>\n<\/div><\/div>\n\n<div class=\"et_pb_text_1 et_pb_text et_pb_bg_layout_light et_pb_module et_flex_module\"><div class=\"et_pb_text_inner\"><p>Explora consejos de expertos, an\u00e1lisis estrat\u00e9gicos y las \u00faltimas tendencias en protecci\u00f3n de datos para l\u00edderes de negocios. <\/p>\n<\/div><\/div>\n<\/div>\n<\/div>\n<\/div>\n\n<div class=\"et_pb_section_1 et_pb_section et_section_regular et_flex_section\">\n<div class=\"et_pb_row_1 et_pb_row et_flex_row\">\n<div class=\"et_pb_column_1 et_pb_column et-last-child et_flex_column et_pb_css_mix_blend_mode_passthrough et_flex_column_24_24 et_flex_column_24_24_tablet et_flex_column_24_24_phone\">\n<div class=\"et_pb_blog_0 et_pb_blog et_pb_bg_layout_light et_pb_posts et_pb_module\"><div class=\"et_pb_ajax_pagination_container\"><div class=\"et_pb_posts et_grid_module\"><article class=\"et_pb_post et_pb_post_id_443 clearfix et_pb_blog_item_0_0 post-443 post type-post status-publish format-standard has-post-thumbnail hentry category-ciberseguridad category-estrategia category-negocios\"><div class=\"et_pb_image_container\"><a href=\"https:\/\/huntei.com\/es\/prevencion-fraudes-digitales-deepfake-voz-peru\/\" class=\"entry-featured-image-url\"><img loading=\"lazy\" decoding=\"async\" src=\"https:\/\/huntei.com\/es\/wp-content\/uploads\/sites\/2\/2026\/03\/Deepfake-Voice-Cloning-in-the-Finance-Office-Your-CFOs-Voice-is-No-Longera-Security-Feature.webp\" width=\"400\" height=\"284\" alt=\"Prevenci\u00f3n de fraudes digitales, el peligro de los Deepfakes de voz\" class=\"\" srcset=\"https:\/\/huntei.com\/es\/wp-content\/uploads\/sites\/2\/2026\/03\/Deepfake-Voice-Cloning-in-the-Finance-Office-Your-CFOs-Voice-is-No-Longera-Security-Feature.webp 479w, https:\/\/huntei.com\/es\/wp-content\/uploads\/sites\/2\/2026\/03\/Deepfake-Voice-Cloning-in-the-Finance-Office-Your-CFOs-Voice-is-No-Longera-Security-Feature-400x284.webp 480w\" sizes=\"(max-width:479px) 479px, 100vw\" \/><span data-icon=\"\ue050\" class=\"et_overlay et_pb_inline_icon\"><\/span><\/a><\/div><h2 class=\"entry-title\"><a href=\"https:\/\/huntei.com\/es\/prevencion-fraudes-digitales-deepfake-voz-peru\/\">Clonaci\u00f3n de voz con Deepfakes: Por qu\u00e9 la palabra de tu Gerente ya no es una garant\u00eda de seguridad<\/a><\/h2><p class=\"post-meta\"><span class=\"entry-categories\"><a href=\"https:\/\/huntei.com\/es\/category\/ciberseguridad\/\" rel=\"tag\">Ciberseguridad<\/a>, <a href=\"https:\/\/huntei.com\/es\/category\/estrategia\/\" rel=\"tag\">Estrategia<\/a>, <a href=\"https:\/\/huntei.com\/es\/category\/negocios\/\" rel=\"tag\">Negocios<\/a><\/span><\/p><div class=\"post-content\"><div class=\"post-content-inner\"><p>En el ecosistema de las startups de alto crecimiento y las corporaciones consolidadas en el Per\u00fa,&#8230;<\/p>\n<\/div><\/div><\/article><article class=\"et_pb_post et_pb_post_id_441 clearfix et_pb_blog_item_0_1 post-441 post type-post status-publish format-standard has-post-thumbnail hentry category-ciberseguridad category-estrategia category-negocios\"><div class=\"et_pb_image_container\"><a href=\"https:\/\/huntei.com\/es\/gestion-de-riesgos-ciberseguridad-iot-oficinas-peru\/\" class=\"entry-featured-image-url\"><img loading=\"lazy\" decoding=\"async\" src=\"https:\/\/huntei.com\/es\/wp-content\/uploads\/sites\/2\/2026\/03\/The-Smart-Office-Trap-Why-Your-Thermostat-is-the-Weakest-Link-in-Your-Boardroom.webp\" width=\"400\" height=\"284\" alt=\"Gestion de riesgo de ciberseguridad en las oficinas inteligentes y IoT\" class=\"\" srcset=\"https:\/\/huntei.com\/es\/wp-content\/uploads\/sites\/2\/2026\/03\/The-Smart-Office-Trap-Why-Your-Thermostat-is-the-Weakest-Link-in-Your-Boardroom.webp 479w, https:\/\/huntei.com\/es\/wp-content\/uploads\/sites\/2\/2026\/03\/The-Smart-Office-Trap-Why-Your-Thermostat-is-the-Weakest-Link-in-Your-Boardroom-400x284.webp 480w\" sizes=\"(max-width:479px) 479px, 100vw\" \/><span data-icon=\"\ue050\" class=\"et_overlay et_pb_inline_icon\"><\/span><\/a><\/div><h2 class=\"entry-title\"><a href=\"https:\/\/huntei.com\/es\/gestion-de-riesgos-ciberseguridad-iot-oficinas-peru\/\">La trampa de la oficina inteligente: Por qu\u00e9 tu termostato es el eslab\u00f3n m\u00e1s d\u00e9bil en tu sala de directorio<\/a><\/h2><p class=\"post-meta\"><span class=\"entry-categories\"><a href=\"https:\/\/huntei.com\/es\/category\/ciberseguridad\/\" rel=\"tag\">Ciberseguridad<\/a>, <a href=\"https:\/\/huntei.com\/es\/category\/estrategia\/\" rel=\"tag\">Estrategia<\/a>, <a href=\"https:\/\/huntei.com\/es\/category\/negocios\/\" rel=\"tag\">Negocios<\/a><\/span><\/p><div class=\"post-content\"><div class=\"post-content-inner\"><p>Para este 2026, la sala de directorio moderna en San Isidro o Miraflores es un prodigio de la&#8230;<\/p>\n<\/div><\/div><\/article><article class=\"et_pb_post et_pb_post_id_439 clearfix et_pb_blog_item_0_2 post-439 post type-post status-publish format-standard has-post-thumbnail hentry category-ciberseguridad category-estrategia category-negocios\"><div class=\"et_pb_image_container\"><a href=\"https:\/\/huntei.com\/es\/proteccion-activos-digitales-peru-brecha-gobernanza\/\" class=\"entry-featured-image-url\"><img loading=\"lazy\" decoding=\"async\" src=\"https:\/\/huntei.com\/es\/wp-content\/uploads\/sites\/2\/2026\/03\/Data-Negligence-Why-the-Corporate-Shield-No-Longer-Protects-the-CEO.webp\" width=\"400\" height=\"284\" alt=\"Consultor de ciberseguridad en Per\u00fa analizando la protecci\u00f3n de activos digitales frente a ataques de ransomware\" class=\"\" srcset=\"https:\/\/huntei.com\/es\/wp-content\/uploads\/sites\/2\/2026\/03\/Data-Negligence-Why-the-Corporate-Shield-No-Longer-Protects-the-CEO.webp 479w, https:\/\/huntei.com\/es\/wp-content\/uploads\/sites\/2\/2026\/03\/Data-Negligence-Why-the-Corporate-Shield-No-Longer-Protects-the-CEO-400x284.webp 480w\" sizes=\"(max-width:479px) 479px, 100vw\" \/><span data-icon=\"\ue050\" class=\"et_overlay et_pb_inline_icon\"><\/span><\/a><\/div><h2 class=\"entry-title\"><a href=\"https:\/\/huntei.com\/es\/proteccion-activos-digitales-peru-brecha-gobernanza\/\">\u00bfPor qu\u00e9 los manuales no bastan? La brecha cr\u00edtica entre cumplir normas y lograr una real protecci\u00f3n de activos digitales en el Per\u00fa<\/a><\/h2><p class=\"post-meta\"><span class=\"entry-categories\"><a href=\"https:\/\/huntei.com\/es\/category\/ciberseguridad\/\" rel=\"tag\">Ciberseguridad<\/a>, <a href=\"https:\/\/huntei.com\/es\/category\/estrategia\/\" rel=\"tag\">Estrategia<\/a>, <a href=\"https:\/\/huntei.com\/es\/category\/negocios\/\" rel=\"tag\">Negocios<\/a><\/span><\/p><div class=\"post-content\"><div class=\"post-content-inner\"><p>En las salas de directorio de las empresas peruanas este 2026, flota un mito peligroso: creer que&#8230;<\/p>\n<\/div><\/div><\/article><article class=\"et_pb_post et_pb_post_id_437 clearfix et_pb_blog_item_0_3 post-437 post type-post status-publish format-standard has-post-thumbnail hentry category-ciberseguridad category-estrategia category-negocios\"><div class=\"et_pb_image_container\"><a href=\"https:\/\/huntei.com\/es\/seguridad-de-datos-peru-malware-vibe-coded\/\" class=\"entry-featured-image-url\"><img loading=\"lazy\" decoding=\"async\" src=\"https:\/\/huntei.com\/es\/wp-content\/uploads\/sites\/2\/2026\/03\/The-Small-Business-Guide-to-Cyber-Insurance-Protecting-Your-Future-in-2026.webp\" width=\"400\" height=\"284\" alt=\"Malware Vibe-Coded amenaza la seguridad de datos en el Per\u00fa\" class=\"\" srcset=\"https:\/\/huntei.com\/es\/wp-content\/uploads\/sites\/2\/2026\/03\/The-Small-Business-Guide-to-Cyber-Insurance-Protecting-Your-Future-in-2026.webp 479w, https:\/\/huntei.com\/es\/wp-content\/uploads\/sites\/2\/2026\/03\/The-Small-Business-Guide-to-Cyber-Insurance-Protecting-Your-Future-in-2026-400x284.webp 480w\" sizes=\"(max-width:479px) 479px, 100vw\" \/><span data-icon=\"\ue050\" class=\"et_overlay et_pb_inline_icon\"><\/span><\/a><\/div><h2 class=\"entry-title\"><a href=\"https:\/\/huntei.com\/es\/seguridad-de-datos-peru-malware-vibe-coded\/\">El fin de la confianza en la IA: C\u00f3mo el Malware \u00abVibe-Coded\u00bb amenaza la seguridad de datos en el Per\u00fa (Gu\u00eda 2026)<\/a><\/h2><p class=\"post-meta\"><span class=\"entry-categories\"><a href=\"https:\/\/huntei.com\/es\/category\/ciberseguridad\/\" rel=\"tag\">Ciberseguridad<\/a>, <a href=\"https:\/\/huntei.com\/es\/category\/estrategia\/\" rel=\"tag\">Estrategia<\/a>, <a href=\"https:\/\/huntei.com\/es\/category\/negocios\/\" rel=\"tag\">Negocios<\/a><\/span><\/p><div class=\"post-content\"><div class=\"post-content-inner\"><p>Durante la \u00faltima d\u00e9cada, la narrativa empresarial ha sido casi religiosa: \u00abLa Inteligencia&#8230;<\/p>\n<\/div><\/div><\/article><article class=\"et_pb_post et_pb_post_id_434 clearfix et_pb_blog_item_0_4 post-434 post type-post status-publish format-standard has-post-thumbnail hentry category-ciberseguridad category-estrategia category-negocios\"><div class=\"et_pb_image_container\"><a href=\"https:\/\/huntei.com\/es\/mssp-vs-in-house-ciberseguridad-peru\/\" class=\"entry-featured-image-url\"><img loading=\"lazy\" decoding=\"async\" src=\"https:\/\/huntei.com\/es\/wp-content\/uploads\/sites\/2\/2026\/03\/The-Burnout-Breach-Why-Your-Single-IT-Guy-Is-Your-Companys-Deadliest-Security-Risk.webp\" width=\"400\" height=\"284\" alt=\"CEO analizando costos comparativos entre un equipo de ciberseguridad interno y servicios gestionados en Per\u00fa\" class=\"\" srcset=\"https:\/\/huntei.com\/es\/wp-content\/uploads\/sites\/2\/2026\/03\/The-Burnout-Breach-Why-Your-Single-IT-Guy-Is-Your-Companys-Deadliest-Security-Risk.webp 479w, https:\/\/huntei.com\/es\/wp-content\/uploads\/sites\/2\/2026\/03\/The-Burnout-Breach-Why-Your-Single-IT-Guy-Is-Your-Companys-Deadliest-Security-Risk-400x284.webp 480w\" sizes=\"(max-width:479px) 479px, 100vw\" \/><span data-icon=\"\ue050\" class=\"et_overlay et_pb_inline_icon\"><\/span><\/a><\/div><h2 class=\"entry-title\"><a href=\"https:\/\/huntei.com\/es\/mssp-vs-in-house-ciberseguridad-peru\/\">MSSP vs. In-House: C\u00f3mo escalar su seguridad sin aumentar su planilla<\/a><\/h2><p class=\"post-meta\"><span class=\"entry-categories\"><a href=\"https:\/\/huntei.com\/es\/category\/ciberseguridad\/\" rel=\"tag\">Ciberseguridad<\/a>, <a href=\"https:\/\/huntei.com\/es\/category\/estrategia\/\" rel=\"tag\">Estrategia<\/a>, <a href=\"https:\/\/huntei.com\/es\/category\/negocios\/\" rel=\"tag\">Negocios<\/a><\/span><\/p><div class=\"post-content\"><div class=\"post-content-inner\"><p>Para el CEO moderno en Per\u00fa, la matem\u00e1tica de escalar una compa\u00f1\u00eda suele sentirse como una batalla&#8230;<\/p>\n<\/div><\/div><\/article><article class=\"et_pb_post et_pb_post_id_432 clearfix et_pb_blog_item_0_5 post-432 post type-post status-publish format-standard has-post-thumbnail hentry category-ciberseguridad category-estrategia category-negocios\"><div class=\"et_pb_image_container\"><a href=\"https:\/\/huntei.com\/es\/incidente-de-openclaw-seguridad-ia-peru\/\" class=\"entry-featured-image-url\"><img loading=\"lazy\" decoding=\"async\" src=\"https:\/\/huntei.com\/es\/wp-content\/uploads\/sites\/2\/2026\/03\/The-OpenClaw-Incident-Why-Autonomous-AI-is-the-Newest-Enterprise-Backdoor.webp\" width=\"400\" height=\"284\" alt=\"Incidente de OpenClaw, la vulnerabilidad que convirti\u00f3 a la IA en una amenaza empresarial\" class=\"\" srcset=\"https:\/\/huntei.com\/es\/wp-content\/uploads\/sites\/2\/2026\/03\/The-OpenClaw-Incident-Why-Autonomous-AI-is-the-Newest-Enterprise-Backdoor.webp 479w, https:\/\/huntei.com\/es\/wp-content\/uploads\/sites\/2\/2026\/03\/The-OpenClaw-Incident-Why-Autonomous-AI-is-the-Newest-Enterprise-Backdoor-400x284.webp 480w\" sizes=\"(max-width:479px) 479px, 100vw\" \/><span data-icon=\"\ue050\" class=\"et_overlay et_pb_inline_icon\"><\/span><\/a><\/div><h2 class=\"entry-title\"><a href=\"https:\/\/huntei.com\/es\/incidente-de-openclaw-seguridad-ia-peru\/\">El Incidente OpenClaw: Por qu\u00e9 la \u00abIA Aut\u00f3noma\u00bb es la nueva puerta trasera corporativa<\/a><\/h2><p class=\"post-meta\"><span class=\"entry-categories\"><a href=\"https:\/\/huntei.com\/es\/category\/ciberseguridad\/\" rel=\"tag\">Ciberseguridad<\/a>, <a href=\"https:\/\/huntei.com\/es\/category\/estrategia\/\" rel=\"tag\">Estrategia<\/a>, <a href=\"https:\/\/huntei.com\/es\/category\/negocios\/\" rel=\"tag\">Negocios<\/a><\/span><\/p><div class=\"post-content\"><div class=\"post-content-inner\"><p>El incidente de OpenClaw revela c\u00f3mo la IA aut\u00f3noma puede convertirse en un \u00abbackdoor\u00bb&#8230;<\/p>\n<\/div><\/div><\/article><article class=\"et_pb_post et_pb_post_id_430 clearfix et_pb_blog_item_0_6 post-430 post type-post status-publish format-standard has-post-thumbnail hentry category-ciberseguridad category-estrategia category-negocios\"><div class=\"et_pb_image_container\"><a href=\"https:\/\/huntei.com\/es\/mejores-empresas-de-ciberseguridad-en-peru-guia\/\" class=\"entry-featured-image-url\"><img loading=\"lazy\" decoding=\"async\" src=\"https:\/\/huntei.com\/es\/wp-content\/uploads\/sites\/2\/2026\/03\/The-Fourth-Party-Crisis-Why-Your-Vendors-Vendor-is-Your-Biggest-Liability.webp\" width=\"400\" height=\"284\" alt=\"Directivo analizando servicios de empresas de ciberseguridad en Per\u00fa para proteger la infraestructura y el flujo de caja corporativo\" class=\"\" srcset=\"https:\/\/huntei.com\/es\/wp-content\/uploads\/sites\/2\/2026\/03\/The-Fourth-Party-Crisis-Why-Your-Vendors-Vendor-is-Your-Biggest-Liability.webp 479w, https:\/\/huntei.com\/es\/wp-content\/uploads\/sites\/2\/2026\/03\/The-Fourth-Party-Crisis-Why-Your-Vendors-Vendor-is-Your-Biggest-Liability-400x284.webp 480w\" sizes=\"(max-width:479px) 479px, 100vw\" \/><span data-icon=\"\ue050\" class=\"et_overlay et_pb_inline_icon\"><\/span><\/a><\/div><h2 class=\"entry-title\"><a href=\"https:\/\/huntei.com\/es\/mejores-empresas-de-ciberseguridad-en-peru-guia\/\">Las mejores empresas de ciberseguridad en Per\u00fa: \u00bfC\u00f3mo elegir al socio estrat\u00e9gico adecuado para su negocio?<\/a><\/h2><p class=\"post-meta\"><span class=\"entry-categories\"><a href=\"https:\/\/huntei.com\/es\/category\/ciberseguridad\/\" rel=\"tag\">Ciberseguridad<\/a>, <a href=\"https:\/\/huntei.com\/es\/category\/estrategia\/\" rel=\"tag\">Estrategia<\/a>, <a href=\"https:\/\/huntei.com\/es\/category\/negocios\/\" rel=\"tag\">Negocios<\/a><\/span><\/p><div class=\"post-content\"><div class=\"post-content-inner\"><p>Contratar seguridad no es comprar licencias; es elegir a qui\u00e9n le confiar\u00e1 las llaves de su&#8230;<\/p>\n<\/div><\/div><\/article><article class=\"et_pb_post et_pb_post_id_428 clearfix et_pb_blog_item_0_7 post-428 post type-post status-publish format-standard has-post-thumbnail hentry category-ciberseguridad category-estrategia category-negocios\"><div class=\"et_pb_image_container\"><a href=\"https:\/\/huntei.com\/es\/ciberseguridad-en-el-peru-estado-amenazas-2026\/\" class=\"entry-featured-image-url\"><img loading=\"lazy\" decoding=\"async\" src=\"https:\/\/huntei.com\/es\/wp-content\/uploads\/sites\/2\/2026\/03\/Why-Your-Annual-Pentest-is-a-5000-Paperweight-The-Case-for-365-Day-Offensive-Security.webp\" width=\"400\" height=\"284\" alt=\"Mapa de amenazas de ciberseguridad en el Per\u00fa mostrando ataques de ransomware y phishing dirigidos a empresas locales\" class=\"\" srcset=\"https:\/\/huntei.com\/es\/wp-content\/uploads\/sites\/2\/2026\/03\/Why-Your-Annual-Pentest-is-a-5000-Paperweight-The-Case-for-365-Day-Offensive-Security.webp 479w, https:\/\/huntei.com\/es\/wp-content\/uploads\/sites\/2\/2026\/03\/Why-Your-Annual-Pentest-is-a-5000-Paperweight-The-Case-for-365-Day-Offensive-Security-400x284.webp 480w\" sizes=\"(max-width:479px) 479px, 100vw\" \/><span data-icon=\"\ue050\" class=\"et_overlay et_pb_inline_icon\"><\/span><\/a><\/div><h2 class=\"entry-title\"><a href=\"https:\/\/huntei.com\/es\/ciberseguridad-en-el-peru-estado-amenazas-2026\/\">Estado de la Ciberseguridad en el Per\u00fa 2026: Las 5 amenazas que m\u00e1s golpean a las empresas locales<\/a><\/h2><p class=\"post-meta\"><span class=\"entry-categories\"><a href=\"https:\/\/huntei.com\/es\/category\/ciberseguridad\/\" rel=\"tag\">Ciberseguridad<\/a>, <a href=\"https:\/\/huntei.com\/es\/category\/estrategia\/\" rel=\"tag\">Estrategia<\/a>, <a href=\"https:\/\/huntei.com\/es\/category\/negocios\/\" rel=\"tag\">Negocios<\/a><\/span><\/p><div class=\"post-content\"><div class=\"post-content-inner\"><p>Per\u00fa es el cuarto pa\u00eds con m\u00e1s ciberataques en la regi\u00f3n; no deje que su empresa sea parte de la&#8230;<\/p>\n<\/div><\/div><\/article><\/div><div class=\"pagination clearfix\">\n\t<div class=\"alignleft\"><a href=\"https:\/\/huntei.com\/es\/wp-json\/wp\/v2\/pages\/81\/page\/2\/?et_blog\" >&laquo; Older Entries<\/a><\/div>\n\t<div class=\"alignright\"><\/div>\n<\/div><\/div><\/div>\n<\/div>\n<\/div>\n<\/div>","protected":false},"excerpt":{"rendered":"","protected":false},"author":1,"featured_media":0,"parent":0,"menu_order":0,"comment_status":"closed","ping_status":"closed","template":"","meta":{"_joinchat":[],"footnotes":""},"class_list":["post-81","page","type-page","status-publish","hentry"],"yoast_head":"<!-- This site is optimized with the Yoast SEO plugin v27.3 - https:\/\/yoast.com\/product\/yoast-seo-wordpress\/ -->\n<title>Blog de Ciberseguridad y Protecci\u00f3n de Datos en Per\u00fa y Latam<\/title>\n<meta name=\"description\" content=\"Aprende a proteger tu empresa: Gu\u00edas sobre la Ley 29733, prevenci\u00f3n de ransomware y ciberseguridad con IA en Per\u00fa y Latam.\" \/>\n<meta name=\"robots\" content=\"index, follow, max-snippet:-1, max-image-preview:large, max-video-preview:-1\" \/>\n<link rel=\"canonical\" href=\"https:\/\/huntei.com\/es\/articulos-de-ciberseguridad\/\" \/>\n<meta property=\"og:locale\" content=\"es_ES\" \/>\n<meta property=\"og:type\" content=\"article\" \/>\n<meta property=\"og:title\" content=\"Blog de Ciberseguridad y Protecci\u00f3n de Datos en Per\u00fa y Latam\" \/>\n<meta property=\"og:description\" content=\"Aprende a proteger tu empresa: Gu\u00edas sobre la Ley 29733, prevenci\u00f3n de ransomware y ciberseguridad con IA en Per\u00fa y Latam.\" \/>\n<meta property=\"og:url\" content=\"https:\/\/huntei.com\/es\/articulos-de-ciberseguridad\/\" \/>\n<meta property=\"og:site_name\" content=\"HUNTEI\" \/>\n<meta property=\"article:modified_time\" content=\"2026-04-01T15:37:20+00:00\" \/>\n<meta name=\"twitter:card\" content=\"summary_large_image\" \/>\n<script type=\"application\/ld+json\" class=\"yoast-schema-graph\">{\"@context\":\"https:\\\/\\\/schema.org\",\"@graph\":[{\"@type\":\"WebPage\",\"@id\":\"https:\\\/\\\/huntei.com\\\/es\\\/articulos-de-ciberseguridad\\\/\",\"url\":\"https:\\\/\\\/huntei.com\\\/es\\\/articulos-de-ciberseguridad\\\/\",\"name\":\"Blog de Ciberseguridad y Protecci\u00f3n de Datos en Per\u00fa y Latam\",\"isPartOf\":{\"@id\":\"https:\\\/\\\/huntei.com\\\/es\\\/#website\"},\"datePublished\":\"2026-03-05T22:14:41+00:00\",\"dateModified\":\"2026-04-01T15:37:20+00:00\",\"description\":\"Aprende a proteger tu empresa: Gu\u00edas sobre la Ley 29733, prevenci\u00f3n de ransomware y ciberseguridad con IA en Per\u00fa y Latam.\",\"breadcrumb\":{\"@id\":\"https:\\\/\\\/huntei.com\\\/es\\\/articulos-de-ciberseguridad\\\/#breadcrumb\"},\"inLanguage\":\"es-PE\",\"potentialAction\":[{\"@type\":\"ReadAction\",\"target\":[\"https:\\\/\\\/huntei.com\\\/es\\\/articulos-de-ciberseguridad\\\/\"]}]},{\"@type\":\"BreadcrumbList\",\"@id\":\"https:\\\/\\\/huntei.com\\\/es\\\/articulos-de-ciberseguridad\\\/#breadcrumb\",\"itemListElement\":[{\"@type\":\"ListItem\",\"position\":1,\"name\":\"Home\",\"item\":\"https:\\\/\\\/huntei.com\\\/es\\\/\"},{\"@type\":\"ListItem\",\"position\":2,\"name\":\"Art\u00edculos\"}]},{\"@type\":\"WebSite\",\"@id\":\"https:\\\/\\\/huntei.com\\\/es\\\/#website\",\"url\":\"https:\\\/\\\/huntei.com\\\/es\\\/\",\"name\":\"HUNTEI\",\"description\":\"\",\"potentialAction\":[{\"@type\":\"SearchAction\",\"target\":{\"@type\":\"EntryPoint\",\"urlTemplate\":\"https:\\\/\\\/huntei.com\\\/es\\\/?s={search_term_string}\"},\"query-input\":{\"@type\":\"PropertyValueSpecification\",\"valueRequired\":true,\"valueName\":\"search_term_string\"}}],\"inLanguage\":\"es-PE\"}]}<\/script>\n<!-- \/ Yoast SEO plugin. -->","yoast_head_json":{"title":"Blog de Ciberseguridad y Protecci\u00f3n de Datos en Per\u00fa y Latam","description":"Aprende a proteger tu empresa: Gu\u00edas sobre la Ley 29733, prevenci\u00f3n de ransomware y ciberseguridad con IA en Per\u00fa y Latam.","robots":{"index":"index","follow":"follow","max-snippet":"max-snippet:-1","max-image-preview":"max-image-preview:large","max-video-preview":"max-video-preview:-1"},"canonical":"https:\/\/huntei.com\/es\/articulos-de-ciberseguridad\/","og_locale":"es_ES","og_type":"article","og_title":"Blog de Ciberseguridad y Protecci\u00f3n de Datos en Per\u00fa y Latam","og_description":"Aprende a proteger tu empresa: Gu\u00edas sobre la Ley 29733, prevenci\u00f3n de ransomware y ciberseguridad con IA en Per\u00fa y Latam.","og_url":"https:\/\/huntei.com\/es\/articulos-de-ciberseguridad\/","og_site_name":"HUNTEI","article_modified_time":"2026-04-01T15:37:20+00:00","twitter_card":"summary_large_image","schema":{"@context":"https:\/\/schema.org","@graph":[{"@type":"WebPage","@id":"https:\/\/huntei.com\/es\/articulos-de-ciberseguridad\/","url":"https:\/\/huntei.com\/es\/articulos-de-ciberseguridad\/","name":"Blog de Ciberseguridad y Protecci\u00f3n de Datos en Per\u00fa y Latam","isPartOf":{"@id":"https:\/\/huntei.com\/es\/#website"},"datePublished":"2026-03-05T22:14:41+00:00","dateModified":"2026-04-01T15:37:20+00:00","description":"Aprende a proteger tu empresa: Gu\u00edas sobre la Ley 29733, prevenci\u00f3n de ransomware y ciberseguridad con IA en Per\u00fa y Latam.","breadcrumb":{"@id":"https:\/\/huntei.com\/es\/articulos-de-ciberseguridad\/#breadcrumb"},"inLanguage":"es-PE","potentialAction":[{"@type":"ReadAction","target":["https:\/\/huntei.com\/es\/articulos-de-ciberseguridad\/"]}]},{"@type":"BreadcrumbList","@id":"https:\/\/huntei.com\/es\/articulos-de-ciberseguridad\/#breadcrumb","itemListElement":[{"@type":"ListItem","position":1,"name":"Home","item":"https:\/\/huntei.com\/es\/"},{"@type":"ListItem","position":2,"name":"Art\u00edculos"}]},{"@type":"WebSite","@id":"https:\/\/huntei.com\/es\/#website","url":"https:\/\/huntei.com\/es\/","name":"HUNTEI","description":"","potentialAction":[{"@type":"SearchAction","target":{"@type":"EntryPoint","urlTemplate":"https:\/\/huntei.com\/es\/?s={search_term_string}"},"query-input":{"@type":"PropertyValueSpecification","valueRequired":true,"valueName":"search_term_string"}}],"inLanguage":"es-PE"}]}},"_links":{"self":[{"href":"https:\/\/huntei.com\/es\/wp-json\/wp\/v2\/pages\/81","targetHints":{"allow":["GET"]}}],"collection":[{"href":"https:\/\/huntei.com\/es\/wp-json\/wp\/v2\/pages"}],"about":[{"href":"https:\/\/huntei.com\/es\/wp-json\/wp\/v2\/types\/page"}],"author":[{"embeddable":true,"href":"https:\/\/huntei.com\/es\/wp-json\/wp\/v2\/users\/1"}],"replies":[{"embeddable":true,"href":"https:\/\/huntei.com\/es\/wp-json\/wp\/v2\/comments?post=81"}],"version-history":[{"count":2,"href":"https:\/\/huntei.com\/es\/wp-json\/wp\/v2\/pages\/81\/revisions"}],"predecessor-version":[{"id":384,"href":"https:\/\/huntei.com\/es\/wp-json\/wp\/v2\/pages\/81\/revisions\/384"}],"wp:attachment":[{"href":"https:\/\/huntei.com\/es\/wp-json\/wp\/v2\/media?parent=81"}],"curies":[{"name":"wp","href":"https:\/\/api.w.org\/{rel}","templated":true}]}}