{"id":76,"date":"2026-03-05T22:14:08","date_gmt":"2026-03-05T22:14:08","guid":{"rendered":"https:\/\/huntei.com\/?page_id=76"},"modified":"2026-04-07T17:14:39","modified_gmt":"2026-04-07T17:14:39","slug":"contacto-de-servicios-de-ciberseguridad","status":"publish","type":"page","link":"https:\/\/huntei.com\/es\/contacto-de-servicios-de-ciberseguridad\/","title":{"rendered":"Contacto"},"content":{"rendered":"<div class=\"et_pb_section_0 et_pb_section et_section_regular et_flex_section\">\n<div class=\"et_pb_row_0 et_pb_row et_flex_row\">\n<div class=\"et_pb_column_0 et_pb_column et-last-child et_flex_column et_pb_css_mix_blend_mode_passthrough et_flex_column_24_24 et_flex_column_24_24_tablet et_flex_column_24_24_phone\">\n<div class=\"et_pb_text_0 et_pb_text et_pb_bg_layout_light et_pb_module et_flex_module\"><div class=\"et_pb_text_inner\"><h1>Aseguremos tu negocio juntos<\/h1>\n<\/div><\/div>\n\n<div class=\"et_pb_text_1 et_pb_text et_pb_bg_layout_light et_pb_module et_flex_module\"><div class=\"et_pb_text_inner\"><p>Nuestro equipo hace que la ciberseguridad sea simple. Cont\u00e1ctanos hoy mismo y te guiaremos paso a paso para proteger lo que m\u00e1s importa.<\/p>\n<\/div><\/div>\n<\/div>\n<\/div>\n<\/div>\n\n<div class=\"et_pb_section_1 et_pb_section et_section_regular et_flex_section\">\n<div class=\"et_pb_row_1 et_pb_row et_flex_row\">\n<div class=\"et_pb_column_1 et_pb_column et-last-child et_flex_column et_pb_css_mix_blend_mode_passthrough et_flex_column_24_24 et_flex_column_24_24_tablet et_flex_column_24_24_phone\">\n<div class=\"et_pb_contact_form_0 et_pb_contact_form_container clearfix et_pb_recaptcha_enabled et_pb_module et_flex_module\" data-form_unique_num=\"0\" data-form_unique_id=\"85262013-c09a-407c-a181-e8b356dd027c\" id=\"et_pb_contact_form_85262013-c09a-407c-a181-e8b356dd027c\"><div class=\"et-pb-contact-message\"><\/div><div class=\"et_pb_contact\"><form class=\"et_pb_contact_form et_flex_module\" method=\"post\" action=\"https:\/\/huntei.com\/es\/wp-json\/wp\/v2\/pages\/76\">\n<div class=\"et_pb_contact_field_0 et_pb_contact_field has-background et_pb_module et_flex_module et_flex_column_12_24 et_flex_column_12_24_tablet et_flex_column_12_24_phone\" data-id=\"name\" data-type=\"input\"><label class=\"et_pb_contact_form_label\" for=\"et_pb_contact_0_name_0\">Nombre<\/label><input type=\"text\" name=\"et_pb_contact_0_name_0\" id=\"et_pb_contact_0_name_0\" class=\"input\" data-required_mark=\"required\" data-field_type=\"input\" data-original_id=\"name\" placeholder=\"Nombre\" pattern=\"[A-Za-z\\s\\-]{0,36}\" title=\"Only letters allowed.Maximum length: 36 characters.\" maxlength=\"36\" value=\"\" \/><\/div>\n\n<div class=\"et_pb_contact_field_1 et_pb_contact_field has-background et_pb_module et_flex_module et_flex_column_12_24 et_flex_column_12_24_tablet et_flex_column_12_24_phone\" data-id=\"name_2\" data-type=\"input\"><label class=\"et_pb_contact_form_label\" for=\"et_pb_contact_0_name_2_1\">Apellido<\/label><input type=\"text\" name=\"et_pb_contact_0_name_2_1\" id=\"et_pb_contact_0_name_2_1\" class=\"input\" data-required_mark=\"required\" data-field_type=\"input\" data-original_id=\"name_2\" placeholder=\"Apellido\" pattern=\"[A-Za-z\\s\\-]{0,36}\" title=\"Only letters allowed.Maximum length: 36 characters.\" maxlength=\"36\" value=\"\" \/><\/div>\n\n<div class=\"et_pb_contact_field_2 et_pb_contact_field et_pb_module et_flex_module et_flex_column_12_24 et_flex_column_12_24_tablet et_flex_column_12_24_phone\" data-id=\"email\" data-type=\"email\"><label class=\"et_pb_contact_form_label\" for=\"et_pb_contact_0_email_2\">Correo<\/label><input type=\"text\" name=\"et_pb_contact_0_email_2\" id=\"et_pb_contact_0_email_2\" class=\"input\" data-required_mark=\"required\" data-field_type=\"email\" data-original_id=\"email\" placeholder=\"Correo\" title=\"\" value=\"\" \/><\/div>\n\n<div class=\"et_pb_contact_field_3 et_pb_contact_field et_pb_module et_flex_module et_flex_column_12_24 et_flex_column_12_24_tablet et_flex_column_12_24_phone\" data-id=\"phone\" data-type=\"email\"><label class=\"et_pb_contact_form_label\" for=\"et_pb_contact_0_phone_3\">Celular<\/label><input type=\"text\" name=\"et_pb_contact_0_phone_3\" id=\"et_pb_contact_0_phone_3\" class=\"input\" data-required_mark=\"required\" data-field_type=\"email\" data-original_id=\"phone\" placeholder=\"Celular\" title=\"\" value=\"\" \/><\/div>\n\n<div class=\"et_pb_contact_field_4 et_pb_contact_field et_pb_module et_flex_module et_flex_column_12_24 et_flex_column_12_24_tablet et_flex_column_12_24_phone\" data-id=\"company\" data-type=\"email\"><label class=\"et_pb_contact_form_label\" for=\"et_pb_contact_0_company_4\">Empresa<\/label><input type=\"text\" name=\"et_pb_contact_0_company_4\" id=\"et_pb_contact_0_company_4\" class=\"input\" data-required_mark=\"required\" data-field_type=\"email\" data-original_id=\"company\" placeholder=\"Empresa\" title=\"\" value=\"\" \/><\/div>\n\n<div class=\"et_pb_contact_field_5 et_pb_contact_field et_pb_module et_flex_module et_flex_column_12_24 et_flex_column_12_24_tablet et_flex_column_12_24_phone\" data-id=\"subject\" data-type=\"email\"><label class=\"et_pb_contact_form_label\" for=\"et_pb_contact_0_subject_5\">Tema<\/label><input type=\"text\" name=\"et_pb_contact_0_subject_5\" id=\"et_pb_contact_0_subject_5\" class=\"input\" data-required_mark=\"required\" data-field_type=\"email\" data-original_id=\"subject\" placeholder=\"Tema\" title=\"\" value=\"\" \/><\/div>\n\n<div class=\"et_pb_contact_field_6 et_pb_contact_field et_pb_module et_flex_module et_flex_column_24_24 et_flex_column_24_24_tablet et_flex_column_24_24_phone\" data-id=\"message\" data-type=\"text\"><label class=\"et_pb_contact_form_label\" for=\"et_pb_contact_0_message_6\">Mensaje<\/label><textarea name=\"et_pb_contact_0_message_6\" id=\"et_pb_contact_0_message_6\" class=\"et_pb_contact_message input\" data-required_mark=\"required\" data-field_type=\"text\" data-original_id=\"message\" placeholder=\"Mensaje\"><\/textarea><\/div>\n\n<div class=\"et_pb_contact_field_7 et_pb_contact_field et_pb_module et_flex_module et_flex_column_12_24 et_flex_column_12_24_tablet et_flex_column_12_24_phone\" data-id=\"privacypolicy\" data-type=\"checkbox\"><input type=\"hidden\" name=\"et_pb_contact_0_privacypolicy_7\" class=\"et_pb_checkbox_handle\" data-required_mark=\"required\" data-field_type=\"checkbox\" data-original_id=\"privacypolicy\" \/><span class=\"et_pb_contact_field_options_wrapper\"><span class=\"et_pb_contact_field_options_title\"><\/span><span class=\"et_pb_contact_field_options_list\"><span class=\"et_pb_contact_field_checkbox\"><input type=\"checkbox\" id=\"et_pb_contact_0_privacypolicy_7_0\" class=\"input\" value=\"Acepto las\" data-required_mark=\"required\" data-field_type=\"checkbox\" data-original_id=\"privacypolicy\" \/><label for=\"et_pb_contact_0_privacypolicy_7_0\"><i><\/i>Acepto las <a target=\"_blank\" href=\"\/politicas-de-privacidad\">Pol\u00edticas de Privacidad<\/a><\/label><\/span><\/span><\/span><\/div>\n<input type=\"hidden\" name=\"et_pb_contactform_submit_85262013-c09a-407c-a181-e8b356dd027c\" value=\"et_contact_proccess\" \/><div class=\"et_contact_bottom_container\"><div class=\"et_pb_button_wrapper\"><button type=\"submit\" name=\"et_builder_submit_button\" class=\"et_pb_button et_pb_contact_submit\">Enviar<\/button><\/div><\/div><input type=\"hidden\" id=\"_wpnonce-et-pb-contact-form-submitted-85262013-c09a-407c-a181-e8b356dd027c\" name=\"_wpnonce-et-pb-contact-form-submitted-85262013-c09a-407c-a181-e8b356dd027c\" value=\"b793fc6e8f\" \/><input type=\"hidden\" name=\"_wp_http_referer\" value=\"\/es\/wp-json\/wp\/v2\/pages\/76\" \/><\/form><\/div><\/div>\n<\/div>\n<\/div>\n<\/div>","protected":false},"excerpt":{"rendered":"","protected":false},"author":1,"featured_media":0,"parent":0,"menu_order":0,"comment_status":"closed","ping_status":"closed","template":"","meta":{"_joinchat":[],"footnotes":""},"class_list":["post-76","page","type-page","status-publish","hentry"],"yoast_head":"<!-- This site is optimized with the Yoast SEO plugin v27.3 - https:\/\/yoast.com\/product\/yoast-seo-wordpress\/ -->\n<title>Contacto y Consultor\u00eda de Ciberseguridad | Huntei Per\u00fa<\/title>\n<meta name=\"description\" content=\"Agenda una consultor\u00eda de ciberseguridad gratuita de 20 min. Prot\u00e9gete contra ransomware y cumple con la Ley 29733 en Per\u00fa.\" \/>\n<meta name=\"robots\" content=\"index, follow, max-snippet:-1, max-image-preview:large, max-video-preview:-1\" \/>\n<link rel=\"canonical\" href=\"https:\/\/huntei.com\/es\/contacto-de-servicios-de-ciberseguridad\/\" \/>\n<meta property=\"og:locale\" content=\"es_ES\" \/>\n<meta property=\"og:type\" content=\"article\" \/>\n<meta property=\"og:title\" content=\"Contacto y Consultor\u00eda de Ciberseguridad | Huntei Per\u00fa\" \/>\n<meta property=\"og:description\" content=\"Agenda una consultor\u00eda de ciberseguridad gratuita de 20 min. Prot\u00e9gete contra ransomware y cumple con la Ley 29733 en Per\u00fa.\" \/>\n<meta property=\"og:url\" content=\"https:\/\/huntei.com\/es\/contacto-de-servicios-de-ciberseguridad\/\" \/>\n<meta property=\"og:site_name\" content=\"HUNTEI\" \/>\n<meta property=\"article:modified_time\" content=\"2026-04-07T17:14:39+00:00\" \/>\n<meta name=\"twitter:card\" content=\"summary_large_image\" \/>\n<script type=\"application\/ld+json\" class=\"yoast-schema-graph\">{\"@context\":\"https:\\\/\\\/schema.org\",\"@graph\":[{\"@type\":\"WebPage\",\"@id\":\"https:\\\/\\\/huntei.com\\\/es\\\/contacto-de-servicios-de-ciberseguridad\\\/\",\"url\":\"https:\\\/\\\/huntei.com\\\/es\\\/contacto-de-servicios-de-ciberseguridad\\\/\",\"name\":\"Contacto y Consultor\u00eda de Ciberseguridad | Huntei Per\u00fa\",\"isPartOf\":{\"@id\":\"https:\\\/\\\/huntei.com\\\/es\\\/#website\"},\"datePublished\":\"2026-03-05T22:14:08+00:00\",\"dateModified\":\"2026-04-07T17:14:39+00:00\",\"description\":\"Agenda una consultor\u00eda de ciberseguridad gratuita de 20 min. Prot\u00e9gete contra ransomware y cumple con la Ley 29733 en Per\u00fa.\",\"breadcrumb\":{\"@id\":\"https:\\\/\\\/huntei.com\\\/es\\\/contacto-de-servicios-de-ciberseguridad\\\/#breadcrumb\"},\"inLanguage\":\"es-PE\",\"potentialAction\":[{\"@type\":\"ReadAction\",\"target\":[\"https:\\\/\\\/huntei.com\\\/es\\\/contacto-de-servicios-de-ciberseguridad\\\/\"]}]},{\"@type\":\"BreadcrumbList\",\"@id\":\"https:\\\/\\\/huntei.com\\\/es\\\/contacto-de-servicios-de-ciberseguridad\\\/#breadcrumb\",\"itemListElement\":[{\"@type\":\"ListItem\",\"position\":1,\"name\":\"Home\",\"item\":\"https:\\\/\\\/huntei.com\\\/es\\\/\"},{\"@type\":\"ListItem\",\"position\":2,\"name\":\"Contacto\"}]},{\"@type\":\"WebSite\",\"@id\":\"https:\\\/\\\/huntei.com\\\/es\\\/#website\",\"url\":\"https:\\\/\\\/huntei.com\\\/es\\\/\",\"name\":\"HUNTEI\",\"description\":\"\",\"potentialAction\":[{\"@type\":\"SearchAction\",\"target\":{\"@type\":\"EntryPoint\",\"urlTemplate\":\"https:\\\/\\\/huntei.com\\\/es\\\/?s={search_term_string}\"},\"query-input\":{\"@type\":\"PropertyValueSpecification\",\"valueRequired\":true,\"valueName\":\"search_term_string\"}}],\"inLanguage\":\"es-PE\"}]}<\/script>\n<!-- \/ Yoast SEO plugin. -->","yoast_head_json":{"title":"Contacto y Consultor\u00eda de Ciberseguridad | Huntei Per\u00fa","description":"Agenda una consultor\u00eda de ciberseguridad gratuita de 20 min. Prot\u00e9gete contra ransomware y cumple con la Ley 29733 en Per\u00fa.","robots":{"index":"index","follow":"follow","max-snippet":"max-snippet:-1","max-image-preview":"max-image-preview:large","max-video-preview":"max-video-preview:-1"},"canonical":"https:\/\/huntei.com\/es\/contacto-de-servicios-de-ciberseguridad\/","og_locale":"es_ES","og_type":"article","og_title":"Contacto y Consultor\u00eda de Ciberseguridad | Huntei Per\u00fa","og_description":"Agenda una consultor\u00eda de ciberseguridad gratuita de 20 min. Prot\u00e9gete contra ransomware y cumple con la Ley 29733 en Per\u00fa.","og_url":"https:\/\/huntei.com\/es\/contacto-de-servicios-de-ciberseguridad\/","og_site_name":"HUNTEI","article_modified_time":"2026-04-07T17:14:39+00:00","twitter_card":"summary_large_image","schema":{"@context":"https:\/\/schema.org","@graph":[{"@type":"WebPage","@id":"https:\/\/huntei.com\/es\/contacto-de-servicios-de-ciberseguridad\/","url":"https:\/\/huntei.com\/es\/contacto-de-servicios-de-ciberseguridad\/","name":"Contacto y Consultor\u00eda de Ciberseguridad | Huntei Per\u00fa","isPartOf":{"@id":"https:\/\/huntei.com\/es\/#website"},"datePublished":"2026-03-05T22:14:08+00:00","dateModified":"2026-04-07T17:14:39+00:00","description":"Agenda una consultor\u00eda de ciberseguridad gratuita de 20 min. Prot\u00e9gete contra ransomware y cumple con la Ley 29733 en Per\u00fa.","breadcrumb":{"@id":"https:\/\/huntei.com\/es\/contacto-de-servicios-de-ciberseguridad\/#breadcrumb"},"inLanguage":"es-PE","potentialAction":[{"@type":"ReadAction","target":["https:\/\/huntei.com\/es\/contacto-de-servicios-de-ciberseguridad\/"]}]},{"@type":"BreadcrumbList","@id":"https:\/\/huntei.com\/es\/contacto-de-servicios-de-ciberseguridad\/#breadcrumb","itemListElement":[{"@type":"ListItem","position":1,"name":"Home","item":"https:\/\/huntei.com\/es\/"},{"@type":"ListItem","position":2,"name":"Contacto"}]},{"@type":"WebSite","@id":"https:\/\/huntei.com\/es\/#website","url":"https:\/\/huntei.com\/es\/","name":"HUNTEI","description":"","potentialAction":[{"@type":"SearchAction","target":{"@type":"EntryPoint","urlTemplate":"https:\/\/huntei.com\/es\/?s={search_term_string}"},"query-input":{"@type":"PropertyValueSpecification","valueRequired":true,"valueName":"search_term_string"}}],"inLanguage":"es-PE"}]}},"_links":{"self":[{"href":"https:\/\/huntei.com\/es\/wp-json\/wp\/v2\/pages\/76","targetHints":{"allow":["GET"]}}],"collection":[{"href":"https:\/\/huntei.com\/es\/wp-json\/wp\/v2\/pages"}],"about":[{"href":"https:\/\/huntei.com\/es\/wp-json\/wp\/v2\/types\/page"}],"author":[{"embeddable":true,"href":"https:\/\/huntei.com\/es\/wp-json\/wp\/v2\/users\/1"}],"replies":[{"embeddable":true,"href":"https:\/\/huntei.com\/es\/wp-json\/wp\/v2\/comments?post=76"}],"version-history":[{"count":5,"href":"https:\/\/huntei.com\/es\/wp-json\/wp\/v2\/pages\/76\/revisions"}],"predecessor-version":[{"id":405,"href":"https:\/\/huntei.com\/es\/wp-json\/wp\/v2\/pages\/76\/revisions\/405"}],"wp:attachment":[{"href":"https:\/\/huntei.com\/es\/wp-json\/wp\/v2\/media?parent=76"}],"curies":[{"name":"wp","href":"https:\/\/api.w.org\/{rel}","templated":true}]}}